{"id":18108,"date":"2023-02-13T05:30:08","date_gmt":"2023-02-13T04:30:08","guid":{"rendered":"https:\/\/prelit.digitalize-now.ch\/solutions\/non-paint\/"},"modified":"2023-02-25T07:09:35","modified_gmt":"2023-02-25T06:09:35","slug":"non-paint","status":"publish","type":"page","link":"https:\/\/embachemtech.ch\/fr\/solutions\/non-paint\/","title":{"rendered":"Peinture de R\u00e9paration Automobile"},"content":{"rendered":"\t\t<div data-elementor-type=\"wp-page\" data-elementor-id=\"18108\" class=\"elementor elementor-18108 elementor-18106\">\n\t\t\t\t\t\t<section class=\"elementor-section elementor-top-section elementor-element elementor-element-8df0cdc elementor-section-boxed elementor-section-height-default elementor-section-height-default\" data-id=\"8df0cdc\" data-element_type=\"section\">\n\t\t\t\t\t\t<div class=\"elementor-container elementor-column-gap-default\">\n\t\t\t\t\t<div class=\"elementor-column elementor-col-33 elementor-top-column elementor-element elementor-element-8584c07 top column-style-top\" data-id=\"8584c07\" data-element_type=\"column\">\n\t\t\t<div class=\"elementor-widget-wrap elementor-element-populated\">\n\t\t\t\t\t\t<div class=\"elementor-element elementor-element-68580c4b elementor-widget elementor-widget-wp-widget-nav_menu\" data-id=\"68580c4b\" data-element_type=\"widget\" data-widget_type=\"wp-widget-nav_menu.default\">\n\t\t\t\t<div class=\"elementor-widget-container\">\n\t\t\t\t\t<div class=\"menu-services-fr-container\"><ul id=\"menu-services-fr\" class=\"menu\"><li id=\"menu-item-18421\" class=\"menu-item menu-item-type-post_type menu-item-object-page menu-item-18421\"><a href=\"https:\/\/embachemtech.ch\/fr\/solutions\/paint\/\">Peintures\u00a0<\/a><\/li>\n<li id=\"menu-item-18420\" class=\"menu-item menu-item-type-post_type menu-item-object-page menu-item-18420\"><a href=\"https:\/\/embachemtech.ch\/fr\/solutions\/non-paint\/\">Peinture de R\u00e9paration Automobile<\/a><\/li>\n<li id=\"menu-item-15245\" class=\"menu-item menu-item-type-post_type menu-item-object-page menu-item-15245\"><a href=\"https:\/\/embachemtech.ch\/fr\/solutions\/solvants-et-diluants\/\">Solvants et Diluants<\/a><\/li>\n<li id=\"menu-item-15244\" class=\"menu-item menu-item-type-post_type menu-item-object-page menu-item-15244\"><a href=\"https:\/\/embachemtech.ch\/fr\/solutions\/decapage-de-peinture\/\">D\u00e9capage de Peinture\u00a0<\/a><\/li>\n<li id=\"menu-item-15247\" class=\"menu-item menu-item-type-post_type menu-item-object-page menu-item-15247\"><a href=\"https:\/\/embachemtech.ch\/fr\/solutions\/demandes-des-clients\/\">Demandes Clients<\/a><\/li>\n<li id=\"menu-item-15248\" class=\"menu-item menu-item-type-post_type menu-item-object-page menu-item-15248\"><a href=\"https:\/\/embachemtech.ch\/fr\/solutions\/solution-integrale\/\">Prestations de Services<\/a><\/li>\n<\/ul><\/div>\t\t\t\t<\/div>\n\t\t\t\t<\/div>\n\t\t\t\t<div class=\"elementor-element elementor-element-3c19d05 elementor-widget elementor-widget-image\" data-id=\"3c19d05\" data-element_type=\"widget\" data-widget_type=\"image.default\">\n\t\t\t\t<div class=\"elementor-widget-container\">\n\t\t\t\t\t\t\t\t\t\t\t\t\t\t\t<img fetchpriority=\"high\" decoding=\"async\" width=\"1024\" height=\"768\" src=\"https:\/\/embachemtech.ch\/wp-content\/uploads\/2023\/02\/non-paint.jpg\" class=\"attachment-full size-full wp-image-18426\" alt=\"\" srcset=\"https:\/\/embachemtech.ch\/wp-content\/uploads\/2023\/02\/non-paint.jpg 1024w, https:\/\/embachemtech.ch\/wp-content\/uploads\/2023\/02\/non-paint-768x576.jpg 768w, https:\/\/embachemtech.ch\/wp-content\/uploads\/2023\/02\/non-paint-600x450.jpg 600w\" sizes=\"(max-width: 1024px) 100vw, 1024px\" \/>\t\t\t\t\t\t\t\t\t\t\t\t\t\t\t<\/div>\n\t\t\t\t<\/div>\n\t\t\t\t<div class=\"elementor-element elementor-element-70c0b1e2 elementor-view-stacked elementor-shape-circle elementor-widget elementor-widget-icon\" data-id=\"70c0b1e2\" data-element_type=\"widget\" data-widget_type=\"icon.default\">\n\t\t\t\t<div class=\"elementor-widget-container\">\n\t\t\t\t\t\t\t<div class=\"elementor-icon-wrapper\">\n\t\t\t<div class=\"elementor-icon\">\n\t\t\t<i aria-hidden=\"true\" class=\"fi flaticon-phone-call\"><\/i>\t\t\t<\/div>\n\t\t<\/div>\n\t\t\t\t\t\t<\/div>\n\t\t\t\t<\/div>\n\t\t\t\t<div class=\"elementor-element elementor-element-43275133 elementor-widget elementor-widget-gva-icon-box-styles\" data-id=\"43275133\" data-element_type=\"widget\" data-widget_type=\"gva-icon-box-styles.default\">\n\t\t\t\t<div class=\"elementor-widget-container\">\n\t\t\t\t\t<div class=\"gva-element-gva-icon-box-styles gva-element\">\r\n   \r\n\r\n         <div class=\"widget gsc-icon-box-styles style-2\">\r\n         \r\n                     <h3 class=\"title\">\r\n                       <a href=\"tel:+41 56 501 70 70\">\r\n                          Kontaktieren Sie uns f\u00fcr professionelle Hilfe               <\/a>      \r\n            <\/h3>\r\n                  <div class=\"content-inner\">\r\n                           <div class=\"desc\"><a href=\"tel:+41 56 501 70 70\" style=\"color:#fff\">+41 56 501 70 70<\/a><\/div>\r\n                     <\/div>\r\n      <\/div> \r\n      \r\n\r\n\r\n<\/div>\t\t\t\t<\/div>\n\t\t\t\t<\/div>\n\t\t\t\t\t<\/div>\n\t\t<\/div>\n\t\t\t\t<div class=\"elementor-column elementor-col-66 elementor-top-column elementor-element elementor-element-6e5feeff top column-style-top\" data-id=\"6e5feeff\" data-element_type=\"column\">\n\t\t\t<div class=\"elementor-widget-wrap elementor-element-populated\">\n\t\t\t\t\t\t<div class=\"elementor-element elementor-element-388ee296 elementor-widget elementor-widget-text-editor\" data-id=\"388ee296\" data-element_type=\"widget\" data-widget_type=\"text-editor.default\">\n\t\t\t\t<div class=\"elementor-widget-container\">\n\t\t\t\t\t\t\t\t\t<p>Nous sommes le partenaire de distribution exclusif pour toute la Suisse de<strong>  Q-Refinish. Q-Refinish<\/strong>  est la marque pour le secteur mondial de la peinture de r\u00e9paration automobile. M\u00eame si la marque est encore relativement jeune, elle cache des d\u00e9cennies d&rsquo;exp\u00e9rience.<\/p>\n<p>La <strong>marque Q-Refinish<\/strong> est synonyme de normes et de qualit\u00e9 de produits les plus \u00e9lev\u00e9es possibles. Des dizaines d&rsquo;ann\u00e9es d&rsquo;exp\u00e9rience dans le domaine de la peinture de r\u00e9paration internationale sont \u00e0 la base de cette s\u00e9lection de produits de premi\u00e8re qualit\u00e9.  <strong>Notre mission consiste \u00e0 rendre votre travail plus s\u00fbr, plus rapide et plus rentable.  <\/strong><\/p>\n<p>Notre assortiment se compose des groupes de produits suivants :<\/p>\n<ul>\n<li>Couvrir<\/li>\n<li>Masticage<\/li>\n<li>Pon\u00e7age<\/li>\n<li>Remplissage<\/li>\n<li>Coller<\/li>\n<li>Nettoyer<\/li>\n<li>Peindre<\/li>\n<\/ul>\n\t\t\t\t\t\t\t\t<\/div>\n\t\t\t\t<\/div>\n\t\t\t\t<section class=\"elementor-section elementor-inner-section elementor-element elementor-element-51b7503f elementor-hidden-desktop elementor-hidden-tablet elementor-hidden-mobile elementor-section-boxed elementor-section-height-default elementor-section-height-default\" data-id=\"51b7503f\" data-element_type=\"section\">\n\t\t\t\t\t\t<div class=\"elementor-container elementor-column-gap-default\">\n\t\t\t\t\t<div class=\"elementor-column elementor-col-100 elementor-inner-column elementor-element elementor-element-2547779a top column-style-top\" data-id=\"2547779a\" data-element_type=\"column\">\n\t\t\t<div class=\"elementor-widget-wrap elementor-element-populated\">\n\t\t\t\t\t\t<div class=\"elementor-element elementor-element-42632ad4 elementor-widget elementor-widget-heading\" data-id=\"42632ad4\" data-element_type=\"widget\" data-widget_type=\"heading.default\">\n\t\t\t\t<div class=\"elementor-widget-container\">\n\t\t\t\t\t<h2 class=\"elementor-heading-title elementor-size-default\">Pourquoi nous choisir?<\/h2>\t\t\t\t<\/div>\n\t\t\t\t<\/div>\n\t\t\t\t<div class=\"elementor-element elementor-element-3955e001 elementor-widget elementor-widget-text-editor\" data-id=\"3955e001\" data-element_type=\"widget\" data-widget_type=\"text-editor.default\">\n\t\t\t\t<div class=\"elementor-widget-container\">\n\t\t\t\t\t\t\t\t\t<p>Duis aute irure dolor in reprehenderit in voluptate velit esse cillum.<\/p>\n\t\t\t\t\t\t\t\t<\/div>\n\t\t\t\t<\/div>\n\t\t\t\t<div class=\"elementor-element elementor-element-6bd1df12 icon-color-theme elementor-icon-list--layout-traditional elementor-list-item-link-full_width elementor-widget elementor-widget-icon-list\" data-id=\"6bd1df12\" data-element_type=\"widget\" data-widget_type=\"icon-list.default\">\n\t\t\t\t<div class=\"elementor-widget-container\">\n\t\t\t\t\t\t\t<ul class=\"elementor-icon-list-items\">\n\t\t\t\t\t\t\t<li class=\"elementor-icon-list-item\">\n\t\t\t\t\t\t\t\t\t\t\t<span class=\"elementor-icon-list-icon\">\n\t\t\t\t\t\t\t<i aria-hidden=\"true\" class=\"fas fa-check-circle\"><\/i>\t\t\t\t\t\t<\/span>\n\t\t\t\t\t\t\t\t\t\t<span class=\"elementor-icon-list-text\">Rafra\u00eechissant pour obtenir une telle touche<\/span>\n\t\t\t\t\t\t\t\t\t<\/li>\n\t\t\t\t\t\t\t\t<li class=\"elementor-icon-list-item\">\n\t\t\t\t\t\t\t\t\t\t\t<span class=\"elementor-icon-list-icon\">\n\t\t\t\t\t\t\t<i aria-hidden=\"true\" class=\"fas fa-check-circle\"><\/i>\t\t\t\t\t\t<\/span>\n\t\t\t\t\t\t\t\t\t\t<span class=\"elementor-icon-list-text\">Duis aute irure dolor in in voluptate<\/span>\n\t\t\t\t\t\t\t\t\t<\/li>\n\t\t\t\t\t\t\t\t<li class=\"elementor-icon-list-item\">\n\t\t\t\t\t\t\t\t\t\t\t<span class=\"elementor-icon-list-icon\">\n\t\t\t\t\t\t\t<i aria-hidden=\"true\" class=\"fas fa-check-circle\"><\/i>\t\t\t\t\t\t<\/span>\n\t\t\t\t\t\t\t\t\t\t<span class=\"elementor-icon-list-text\">Velit esse cillum eu fugiat pariatur<\/span>\n\t\t\t\t\t\t\t\t\t<\/li>\n\t\t\t\t\t\t\t\t<li class=\"elementor-icon-list-item\">\n\t\t\t\t\t\t\t\t\t\t\t<span class=\"elementor-icon-list-icon\">\n\t\t\t\t\t\t\t<i aria-hidden=\"true\" class=\"fas fa-check-circle\"><\/i>\t\t\t\t\t\t<\/span>\n\t\t\t\t\t\t\t\t\t\t<span class=\"elementor-icon-list-text\">Duis aute irure dolor in in voluptate<\/span>\n\t\t\t\t\t\t\t\t\t<\/li>\n\t\t\t\t\t\t<\/ul>\n\t\t\t\t\t\t<\/div>\n\t\t\t\t<\/div>\n\t\t\t\t\t<\/div>\n\t\t<\/div>\n\t\t\t\t\t<\/div>\n\t\t<\/section>\n\t\t\t\t\t<\/div>\n\t\t<\/div>\n\t\t\t\t\t<\/div>\n\t\t<\/section>\n\t\t\t\t<\/div>\n\t\t","protected":false},"excerpt":{"rendered":"<p>Kontaktieren Sie uns f\u00fcr professionelle Hilfe +41 56 501 70 70 Nous sommes le partenaire de distribution exclusif pour toute la Suisse de Q-Refinish. Q-Refinish est la marque pour le [&hellip;]<\/p>\n","protected":false},"author":1,"featured_media":0,"parent":14554,"menu_order":0,"comment_status":"closed","ping_status":"closed","template":"","meta":{"footnotes":""},"class_list":["post-18108","page","type-page","status-publish","hentry"],"_links":{"self":[{"href":"https:\/\/embachemtech.ch\/fr\/wp-json\/wp\/v2\/pages\/18108","targetHints":{"allow":["GET"]}}],"collection":[{"href":"https:\/\/embachemtech.ch\/fr\/wp-json\/wp\/v2\/pages"}],"about":[{"href":"https:\/\/embachemtech.ch\/fr\/wp-json\/wp\/v2\/types\/page"}],"author":[{"embeddable":true,"href":"https:\/\/embachemtech.ch\/fr\/wp-json\/wp\/v2\/users\/1"}],"replies":[{"embeddable":true,"href":"https:\/\/embachemtech.ch\/fr\/wp-json\/wp\/v2\/comments?post=18108"}],"version-history":[{"count":33,"href":"https:\/\/embachemtech.ch\/fr\/wp-json\/wp\/v2\/pages\/18108\/revisions"}],"predecessor-version":[{"id":19093,"href":"https:\/\/embachemtech.ch\/fr\/wp-json\/wp\/v2\/pages\/18108\/revisions\/19093"}],"up":[{"embeddable":true,"href":"https:\/\/embachemtech.ch\/fr\/wp-json\/wp\/v2\/pages\/14554"}],"wp:attachment":[{"href":"https:\/\/embachemtech.ch\/fr\/wp-json\/wp\/v2\/media?parent=18108"}],"curies":[{"name":"wp","href":"https:\/\/api.w.org\/{rel}","templated":true}]}}