{"id":14553,"date":"2021-05-12T04:34:37","date_gmt":"2021-05-12T03:34:37","guid":{"rendered":"https:\/\/netgreater.com\/dev\/Prelit\/decapage-de-peinture\/"},"modified":"2023-02-25T08:00:04","modified_gmt":"2023-02-25T07:00:04","slug":"decapage-de-peinture","status":"publish","type":"page","link":"https:\/\/embachemtech.ch\/fr\/solutions\/decapage-de-peinture\/","title":{"rendered":"D\u00e9capage de Peinture\u00a0"},"content":{"rendered":"\t\t<div data-elementor-type=\"wp-page\" data-elementor-id=\"14553\" class=\"elementor elementor-14553 elementor-11868\">\n\t\t\t\t\t\t<section class=\"elementor-section elementor-top-section elementor-element elementor-element-2dc28eeb elementor-section-boxed elementor-section-height-default elementor-section-height-default\" data-id=\"2dc28eeb\" data-element_type=\"section\">\n\t\t\t\t\t\t<div class=\"elementor-container elementor-column-gap-default\">\n\t\t\t\t\t<div class=\"elementor-column elementor-col-33 elementor-top-column elementor-element elementor-element-401277f1 top column-style-top\" data-id=\"401277f1\" data-element_type=\"column\">\n\t\t\t<div class=\"elementor-widget-wrap elementor-element-populated\">\n\t\t\t\t\t\t<div class=\"elementor-element elementor-element-68a1220 elementor-widget elementor-widget-wp-widget-nav_menu\" data-id=\"68a1220\" data-element_type=\"widget\" data-widget_type=\"wp-widget-nav_menu.default\">\n\t\t\t\t<div class=\"elementor-widget-container\">\n\t\t\t\t\t<div class=\"menu-services-fr-container\"><ul id=\"menu-services-fr\" class=\"menu\"><li id=\"menu-item-18421\" class=\"menu-item menu-item-type-post_type menu-item-object-page menu-item-18421\"><a href=\"https:\/\/embachemtech.ch\/fr\/solutions\/paint\/\">Peintures\u00a0<\/a><\/li>\n<li id=\"menu-item-18420\" class=\"menu-item menu-item-type-post_type menu-item-object-page menu-item-18420\"><a href=\"https:\/\/embachemtech.ch\/fr\/solutions\/non-paint\/\">Peinture de R\u00e9paration Automobile<\/a><\/li>\n<li id=\"menu-item-15245\" class=\"menu-item menu-item-type-post_type menu-item-object-page menu-item-15245\"><a href=\"https:\/\/embachemtech.ch\/fr\/solutions\/solvants-et-diluants\/\">Solvants et Diluants<\/a><\/li>\n<li id=\"menu-item-15244\" class=\"menu-item menu-item-type-post_type menu-item-object-page menu-item-15244\"><a href=\"https:\/\/embachemtech.ch\/fr\/solutions\/decapage-de-peinture\/\">D\u00e9capage de Peinture\u00a0<\/a><\/li>\n<li id=\"menu-item-15247\" class=\"menu-item menu-item-type-post_type menu-item-object-page menu-item-15247\"><a href=\"https:\/\/embachemtech.ch\/fr\/solutions\/demandes-des-clients\/\">Demandes Clients<\/a><\/li>\n<li id=\"menu-item-15248\" class=\"menu-item menu-item-type-post_type menu-item-object-page menu-item-15248\"><a href=\"https:\/\/embachemtech.ch\/fr\/solutions\/solution-integrale\/\">Prestations de Services<\/a><\/li>\n<\/ul><\/div>\t\t\t\t<\/div>\n\t\t\t\t<\/div>\n\t\t\t\t<div class=\"elementor-element elementor-element-b05bd9e elementor-widget elementor-widget-image\" data-id=\"b05bd9e\" data-element_type=\"widget\" data-widget_type=\"image.default\">\n\t\t\t\t<div class=\"elementor-widget-container\">\n\t\t\t\t\t\t\t\t\t\t\t\t\t\t\t<img fetchpriority=\"high\" decoding=\"async\" width=\"1024\" height=\"768\" src=\"https:\/\/embachemtech.ch\/wp-content\/uploads\/2022\/04\/paint-striping.png\" class=\"attachment-full size-full wp-image-14500\" alt=\"\" srcset=\"https:\/\/embachemtech.ch\/wp-content\/uploads\/2022\/04\/paint-striping.png 1024w, https:\/\/embachemtech.ch\/wp-content\/uploads\/2022\/04\/paint-striping-768x576.png 768w\" sizes=\"(max-width: 1024px) 100vw, 1024px\" \/>\t\t\t\t\t\t\t\t\t\t\t\t\t\t\t<\/div>\n\t\t\t\t<\/div>\n\t\t\t\t<div class=\"elementor-element elementor-element-3cd0a080 elementor-view-stacked elementor-shape-circle elementor-widget elementor-widget-icon\" data-id=\"3cd0a080\" data-element_type=\"widget\" data-widget_type=\"icon.default\">\n\t\t\t\t<div class=\"elementor-widget-container\">\n\t\t\t\t\t\t\t<div class=\"elementor-icon-wrapper\">\n\t\t\t<div class=\"elementor-icon\">\n\t\t\t<i aria-hidden=\"true\" class=\"fi flaticon-phone-call\"><\/i>\t\t\t<\/div>\n\t\t<\/div>\n\t\t\t\t\t\t<\/div>\n\t\t\t\t<\/div>\n\t\t\t\t<div class=\"elementor-element elementor-element-e63041d elementor-widget elementor-widget-gva-icon-box-styles\" data-id=\"e63041d\" data-element_type=\"widget\" data-widget_type=\"gva-icon-box-styles.default\">\n\t\t\t\t<div class=\"elementor-widget-container\">\n\t\t\t\t\t<div class=\"gva-element-gva-icon-box-styles gva-element\">\r\n   \r\n\r\n         <div class=\"widget gsc-icon-box-styles style-2\">\r\n         \r\n                     <h3 class=\"title\">\r\n                       <a href=\"tel:+41 56 501 70 70\">\r\n                          Kontaktieren Sie uns f\u00fcr professionelle Hilfe               <\/a>      \r\n            <\/h3>\r\n                  <div class=\"content-inner\">\r\n                           <div class=\"desc\"><a href=\"tel:+41 56 501 70 70\" style=\"color:#fff\">+41 56 501 70 70<\/a><\/div>\r\n                     <\/div>\r\n      <\/div> \r\n      \r\n\r\n\r\n<\/div>\t\t\t\t<\/div>\n\t\t\t\t<\/div>\n\t\t\t\t\t<\/div>\n\t\t<\/div>\n\t\t\t\t<div class=\"elementor-column elementor-col-66 elementor-top-column elementor-element elementor-element-6cb1d559 top column-style-top\" data-id=\"6cb1d559\" data-element_type=\"column\">\n\t\t\t<div class=\"elementor-widget-wrap elementor-element-populated\">\n\t\t\t\t\t\t<div class=\"elementor-element elementor-element-3e2f870a elementor-widget elementor-widget-text-editor\" data-id=\"3e2f870a\" data-element_type=\"widget\" data-widget_type=\"text-editor.default\">\n\t\t\t\t<div class=\"elementor-widget-container\">\n\t\t\t\t\t\t\t\t\t<p>Le d\u00e9capage de rev\u00eatements de peinture et de vernis fait partie de nos comp\u00e9tences cl\u00e9s. Nos produits enl\u00e8vent tous les types de rev\u00eatements. Nous avons une solution pour <strong>tous les d\u00e9fis avec les produits les plus performants<\/strong>, qu&rsquo;ils soient liquides ou p\u00e2teux, froids ou chauds.<\/p>\n\t\t\t\t\t\t\t\t<\/div>\n\t\t\t\t<\/div>\n\t\t\t\t<section class=\"elementor-section elementor-inner-section elementor-element elementor-element-47f53e15 elementor-hidden-desktop elementor-hidden-tablet elementor-hidden-mobile elementor-section-boxed elementor-section-height-default elementor-section-height-default\" data-id=\"47f53e15\" data-element_type=\"section\">\n\t\t\t\t\t\t<div class=\"elementor-container elementor-column-gap-default\">\n\t\t\t\t\t<div class=\"elementor-column elementor-col-100 elementor-inner-column elementor-element elementor-element-6927578c top column-style-top\" data-id=\"6927578c\" data-element_type=\"column\">\n\t\t\t<div class=\"elementor-widget-wrap elementor-element-populated\">\n\t\t\t\t\t\t<div class=\"elementor-element elementor-element-76f3ac19 elementor-widget elementor-widget-heading\" data-id=\"76f3ac19\" data-element_type=\"widget\" data-widget_type=\"heading.default\">\n\t\t\t\t<div class=\"elementor-widget-container\">\n\t\t\t\t\t<h2 class=\"elementor-heading-title elementor-size-default\">Pourquoi nous choisir?<\/h2>\t\t\t\t<\/div>\n\t\t\t\t<\/div>\n\t\t\t\t<div class=\"elementor-element elementor-element-5b868a1f elementor-widget elementor-widget-text-editor\" data-id=\"5b868a1f\" data-element_type=\"widget\" data-widget_type=\"text-editor.default\">\n\t\t\t\t<div class=\"elementor-widget-container\">\n\t\t\t\t\t\t\t\t\t<p>Duis aute irure dolor in reprehenderit in voluptate velit esse cillum.<\/p>\n\t\t\t\t\t\t\t\t<\/div>\n\t\t\t\t<\/div>\n\t\t\t\t<div class=\"elementor-element elementor-element-5c3a7372 icon-color-theme elementor-icon-list--layout-traditional elementor-list-item-link-full_width elementor-widget elementor-widget-icon-list\" data-id=\"5c3a7372\" data-element_type=\"widget\" data-widget_type=\"icon-list.default\">\n\t\t\t\t<div class=\"elementor-widget-container\">\n\t\t\t\t\t\t\t<ul class=\"elementor-icon-list-items\">\n\t\t\t\t\t\t\t<li class=\"elementor-icon-list-item\">\n\t\t\t\t\t\t\t\t\t\t\t<span class=\"elementor-icon-list-icon\">\n\t\t\t\t\t\t\t<i aria-hidden=\"true\" class=\"fas fa-check-circle\"><\/i>\t\t\t\t\t\t<\/span>\n\t\t\t\t\t\t\t\t\t\t<span class=\"elementor-icon-list-text\">Rafra\u00eechissant pour obtenir une telle touche<\/span>\n\t\t\t\t\t\t\t\t\t<\/li>\n\t\t\t\t\t\t\t\t<li class=\"elementor-icon-list-item\">\n\t\t\t\t\t\t\t\t\t\t\t<span class=\"elementor-icon-list-icon\">\n\t\t\t\t\t\t\t<i aria-hidden=\"true\" class=\"fas fa-check-circle\"><\/i>\t\t\t\t\t\t<\/span>\n\t\t\t\t\t\t\t\t\t\t<span class=\"elementor-icon-list-text\">Duis aute irure dolor in in voluptate<\/span>\n\t\t\t\t\t\t\t\t\t<\/li>\n\t\t\t\t\t\t\t\t<li class=\"elementor-icon-list-item\">\n\t\t\t\t\t\t\t\t\t\t\t<span class=\"elementor-icon-list-icon\">\n\t\t\t\t\t\t\t<i aria-hidden=\"true\" class=\"fas fa-check-circle\"><\/i>\t\t\t\t\t\t<\/span>\n\t\t\t\t\t\t\t\t\t\t<span class=\"elementor-icon-list-text\">Velit esse cillum eu fugiat pariatur<\/span>\n\t\t\t\t\t\t\t\t\t<\/li>\n\t\t\t\t\t\t\t\t<li class=\"elementor-icon-list-item\">\n\t\t\t\t\t\t\t\t\t\t\t<span class=\"elementor-icon-list-icon\">\n\t\t\t\t\t\t\t<i aria-hidden=\"true\" class=\"fas fa-check-circle\"><\/i>\t\t\t\t\t\t<\/span>\n\t\t\t\t\t\t\t\t\t\t<span class=\"elementor-icon-list-text\">Duis aute irure dolor in in voluptate<\/span>\n\t\t\t\t\t\t\t\t\t<\/li>\n\t\t\t\t\t\t<\/ul>\n\t\t\t\t\t\t<\/div>\n\t\t\t\t<\/div>\n\t\t\t\t\t<\/div>\n\t\t<\/div>\n\t\t\t\t\t<\/div>\n\t\t<\/section>\n\t\t\t\t\t<\/div>\n\t\t<\/div>\n\t\t\t\t\t<\/div>\n\t\t<\/section>\n\t\t\t\t<\/div>\n\t\t","protected":false},"excerpt":{"rendered":"<p>Kontaktieren Sie uns f\u00fcr professionelle Hilfe +41 56 501 70 70 Le d\u00e9capage de rev\u00eatements de peinture et de vernis fait partie de nos comp\u00e9tences cl\u00e9s. Nos produits enl\u00e8vent tous [&hellip;]<\/p>\n","protected":false},"author":1,"featured_media":0,"parent":14554,"menu_order":0,"comment_status":"closed","ping_status":"closed","template":"","meta":{"footnotes":""},"class_list":["post-14553","page","type-page","status-publish","hentry"],"_links":{"self":[{"href":"https:\/\/embachemtech.ch\/fr\/wp-json\/wp\/v2\/pages\/14553","targetHints":{"allow":["GET"]}}],"collection":[{"href":"https:\/\/embachemtech.ch\/fr\/wp-json\/wp\/v2\/pages"}],"about":[{"href":"https:\/\/embachemtech.ch\/fr\/wp-json\/wp\/v2\/types\/page"}],"author":[{"embeddable":true,"href":"https:\/\/embachemtech.ch\/fr\/wp-json\/wp\/v2\/users\/1"}],"replies":[{"embeddable":true,"href":"https:\/\/embachemtech.ch\/fr\/wp-json\/wp\/v2\/comments?post=14553"}],"version-history":[{"count":50,"href":"https:\/\/embachemtech.ch\/fr\/wp-json\/wp\/v2\/pages\/14553\/revisions"}],"predecessor-version":[{"id":19128,"href":"https:\/\/embachemtech.ch\/fr\/wp-json\/wp\/v2\/pages\/14553\/revisions\/19128"}],"up":[{"embeddable":true,"href":"https:\/\/embachemtech.ch\/fr\/wp-json\/wp\/v2\/pages\/14554"}],"wp:attachment":[{"href":"https:\/\/embachemtech.ch\/fr\/wp-json\/wp\/v2\/media?parent=14553"}],"curies":[{"name":"wp","href":"https:\/\/api.w.org\/{rel}","templated":true}]}}