{"id":14552,"date":"2021-05-12T04:31:55","date_gmt":"2021-05-12T03:31:55","guid":{"rendered":"https:\/\/netgreater.com\/dev\/Prelit\/solvants-et-diluants\/"},"modified":"2024-11-01T13:16:48","modified_gmt":"2024-11-01T12:16:48","slug":"solvants-et-diluants","status":"publish","type":"page","link":"https:\/\/embachemtech.ch\/fr\/solutions\/solvants-et-diluants\/","title":{"rendered":"Solvants et Diluants"},"content":{"rendered":"\t\t<div data-elementor-type=\"wp-page\" data-elementor-id=\"14552\" class=\"elementor elementor-14552 elementor-11866\">\n\t\t\t\t\t\t<section class=\"elementor-section elementor-top-section elementor-element elementor-element-1864190e elementor-section-boxed elementor-section-height-default elementor-section-height-default\" data-id=\"1864190e\" data-element_type=\"section\">\n\t\t\t\t\t\t<div class=\"elementor-container elementor-column-gap-default\">\n\t\t\t\t\t<div class=\"elementor-column elementor-col-33 elementor-top-column elementor-element elementor-element-1ee0ff47 top column-style-top\" data-id=\"1ee0ff47\" data-element_type=\"column\">\n\t\t\t<div class=\"elementor-widget-wrap elementor-element-populated\">\n\t\t\t\t\t\t<div class=\"elementor-element elementor-element-fd32ad6 elementor-widget elementor-widget-wp-widget-nav_menu\" data-id=\"fd32ad6\" data-element_type=\"widget\" data-widget_type=\"wp-widget-nav_menu.default\">\n\t\t\t\t<div class=\"elementor-widget-container\">\n\t\t\t\t\t<div class=\"menu-services-fr-container\"><ul id=\"menu-services-fr\" class=\"menu\"><li id=\"menu-item-18421\" class=\"menu-item menu-item-type-post_type menu-item-object-page menu-item-18421\"><a href=\"https:\/\/embachemtech.ch\/fr\/solutions\/paint\/\">Peintures\u00a0<\/a><\/li>\n<li id=\"menu-item-18420\" class=\"menu-item menu-item-type-post_type menu-item-object-page menu-item-18420\"><a href=\"https:\/\/embachemtech.ch\/fr\/solutions\/non-paint\/\">Peinture de R\u00e9paration Automobile<\/a><\/li>\n<li id=\"menu-item-15245\" class=\"menu-item menu-item-type-post_type menu-item-object-page menu-item-15245\"><a href=\"https:\/\/embachemtech.ch\/fr\/solutions\/solvants-et-diluants\/\">Solvants et Diluants<\/a><\/li>\n<li id=\"menu-item-15244\" class=\"menu-item menu-item-type-post_type menu-item-object-page menu-item-15244\"><a href=\"https:\/\/embachemtech.ch\/fr\/solutions\/decapage-de-peinture\/\">D\u00e9capage de Peinture\u00a0<\/a><\/li>\n<li id=\"menu-item-15247\" class=\"menu-item menu-item-type-post_type menu-item-object-page menu-item-15247\"><a href=\"https:\/\/embachemtech.ch\/fr\/solutions\/demandes-des-clients\/\">Demandes Clients<\/a><\/li>\n<li id=\"menu-item-15248\" class=\"menu-item menu-item-type-post_type menu-item-object-page menu-item-15248\"><a href=\"https:\/\/embachemtech.ch\/fr\/solutions\/solution-integrale\/\">Prestations de Services<\/a><\/li>\n<\/ul><\/div>\t\t\t\t<\/div>\n\t\t\t\t<\/div>\n\t\t\t\t<div class=\"elementor-element elementor-element-76dc04f3 elementor-widget elementor-widget-image\" data-id=\"76dc04f3\" data-element_type=\"widget\" data-widget_type=\"image.default\">\n\t\t\t\t<div class=\"elementor-widget-container\">\n\t\t\t\t\t\t\t\t\t\t\t\t\t\t\t<img fetchpriority=\"high\" decoding=\"async\" width=\"1024\" height=\"768\" src=\"https:\/\/embachemtech.ch\/wp-content\/uploads\/2024\/10\/shutterstock_1494933779.jpg\" class=\"attachment-full size-full wp-image-19443\" alt=\"\" srcset=\"https:\/\/embachemtech.ch\/wp-content\/uploads\/2024\/10\/shutterstock_1494933779.jpg 1024w, https:\/\/embachemtech.ch\/wp-content\/uploads\/2024\/10\/shutterstock_1494933779-768x576.jpg 768w\" sizes=\"(max-width: 1024px) 100vw, 1024px\" \/>\t\t\t\t\t\t\t\t\t\t\t\t\t\t\t<\/div>\n\t\t\t\t<\/div>\n\t\t\t\t<div class=\"elementor-element elementor-element-50c7bf2f elementor-view-stacked elementor-shape-circle elementor-widget elementor-widget-icon\" data-id=\"50c7bf2f\" data-element_type=\"widget\" data-widget_type=\"icon.default\">\n\t\t\t\t<div class=\"elementor-widget-container\">\n\t\t\t\t\t\t\t<div class=\"elementor-icon-wrapper\">\n\t\t\t<div class=\"elementor-icon\">\n\t\t\t<i aria-hidden=\"true\" class=\"fi flaticon-phone-call\"><\/i>\t\t\t<\/div>\n\t\t<\/div>\n\t\t\t\t\t\t<\/div>\n\t\t\t\t<\/div>\n\t\t\t\t<div class=\"elementor-element elementor-element-187ed2a9 elementor-widget elementor-widget-gva-icon-box-styles\" data-id=\"187ed2a9\" data-element_type=\"widget\" data-widget_type=\"gva-icon-box-styles.default\">\n\t\t\t\t<div class=\"elementor-widget-container\">\n\t\t\t\t\t<div class=\"gva-element-gva-icon-box-styles gva-element\">\r\n   \r\n\r\n         <div class=\"widget gsc-icon-box-styles style-2\">\r\n         \r\n                     <h3 class=\"title\">\r\n                       <a href=\"tel:+41 56 501 70 70\">\r\n                          Kontaktieren Sie uns f\u00fcr professionelle Hilfe               <\/a>      \r\n            <\/h3>\r\n                  <div class=\"content-inner\">\r\n                           <div class=\"desc\"><a href=\"tel:+41 56 501 70 70\" style=\"color:#fff\">+41 56 501 70 70<\/a><\/div>\r\n                     <\/div>\r\n      <\/div> \r\n      \r\n\r\n\r\n<\/div>\t\t\t\t<\/div>\n\t\t\t\t<\/div>\n\t\t\t\t\t<\/div>\n\t\t<\/div>\n\t\t\t\t<div class=\"elementor-column elementor-col-66 elementor-top-column elementor-element elementor-element-1d818ac5 top column-style-top\" data-id=\"1d818ac5\" data-element_type=\"column\">\n\t\t\t<div class=\"elementor-widget-wrap elementor-element-populated\">\n\t\t\t\t\t\t<div class=\"elementor-element elementor-element-7c1b661d elementor-widget elementor-widget-text-editor\" data-id=\"7c1b661d\" data-element_type=\"widget\" data-widget_type=\"text-editor.default\">\n\t\t\t\t<div class=\"elementor-widget-container\">\n\t\t\t\t\t\t\t\t\t<p>Nous d\u00e9veloppons et produisons plus de 1000 formules de diluants pour presque tous les syst\u00e8mes de peinture et domaines d&rsquo;application sous la d\u00e9nomination <strong>EmbaSTAR<\/strong>. Nos diluants sont utilis\u00e9s dans tous les secteurs de l&rsquo;industrie, y compris les carrosseries. Nous d\u00e9terminons pour vous un produit individuel ou bien une version optimis\u00e9e qui pr\u00e9sente des avantages en termes de traitement, de degr\u00e9 de brillance ou de consommation. En rationalisant de mani\u00e8re cibl\u00e9e la palette de diluants pour vernis existante chez nos clients, il est possible de r\u00e9duire les co\u00fbts, de minimiser les volumes de stockage et d&rsquo;\u00e9viter les risques.<\/p>\n<h2>Nettoyant \u00e0 base d&rsquo;hydrocarbures<\/h2>\n<p>Le groupe de produits <strong>RAK<\/strong> comprend des d\u00e9graissants \u00e0 froid et des nettoyants \u00e0 froid \u00e0 base de solvants pour tous les travaux de d\u00e9graissage et de nettoyage. Le grand nombre de recettes (plus de 300) r\u00e9sulte des domaines d&rsquo;application les plus divers ainsi que de la prise en compte de la protection du travail et des points d&rsquo;inflammation requis. Les produits poss\u00e8dent un excellent pouvoir solvant vis-\u00e0-vis des huiles et graisses animales, des cires, des r\u00e9sines naturelles et synth\u00e9tiques. Les <strong>produits RAK<\/strong> sont utilis\u00e9s par lavage, par immersion et par inondation.<br \/>Nous pouvons proposer une gamme compl\u00e8te de solvants, dont la plupart sont totalement exempts de COV. Ces solvants respectueux de l&rsquo;environnement sont aussi, pour la plupart, moins chers que les solvants conventionnels. Il n&rsquo;y a donc aucune raison de ne pas les tester et de ne pas les utiliser !<\/p>\n\t\t\t\t\t\t\t\t<\/div>\n\t\t\t\t<\/div>\n\t\t\t\t<section class=\"elementor-section elementor-inner-section elementor-element elementor-element-69838d04 elementor-hidden-desktop elementor-hidden-tablet elementor-hidden-mobile elementor-section-boxed elementor-section-height-default elementor-section-height-default\" data-id=\"69838d04\" data-element_type=\"section\">\n\t\t\t\t\t\t<div class=\"elementor-container elementor-column-gap-default\">\n\t\t\t\t\t<div class=\"elementor-column elementor-col-100 elementor-inner-column elementor-element elementor-element-447522df top column-style-top\" data-id=\"447522df\" data-element_type=\"column\">\n\t\t\t<div class=\"elementor-widget-wrap elementor-element-populated\">\n\t\t\t\t\t\t<div class=\"elementor-element elementor-element-a8f047 elementor-widget elementor-widget-heading\" data-id=\"a8f047\" data-element_type=\"widget\" data-widget_type=\"heading.default\">\n\t\t\t\t<div class=\"elementor-widget-container\">\n\t\t\t\t\t<h2 class=\"elementor-heading-title elementor-size-default\">Pourquoi nous choisir?<\/h2>\t\t\t\t<\/div>\n\t\t\t\t<\/div>\n\t\t\t\t<div class=\"elementor-element elementor-element-f724259 elementor-widget elementor-widget-text-editor\" data-id=\"f724259\" data-element_type=\"widget\" data-widget_type=\"text-editor.default\">\n\t\t\t\t<div class=\"elementor-widget-container\">\n\t\t\t\t\t\t\t\t\t<p>Duis aute irure dolor in reprehenderit in voluptate velit esse cillum.<\/p>\n\t\t\t\t\t\t\t\t<\/div>\n\t\t\t\t<\/div>\n\t\t\t\t<div class=\"elementor-element elementor-element-6b4d91e9 icon-color-theme elementor-icon-list--layout-traditional elementor-list-item-link-full_width elementor-widget elementor-widget-icon-list\" data-id=\"6b4d91e9\" data-element_type=\"widget\" data-widget_type=\"icon-list.default\">\n\t\t\t\t<div class=\"elementor-widget-container\">\n\t\t\t\t\t\t\t<ul class=\"elementor-icon-list-items\">\n\t\t\t\t\t\t\t<li class=\"elementor-icon-list-item\">\n\t\t\t\t\t\t\t\t\t\t\t<span class=\"elementor-icon-list-icon\">\n\t\t\t\t\t\t\t<i aria-hidden=\"true\" class=\"fas fa-check-circle\"><\/i>\t\t\t\t\t\t<\/span>\n\t\t\t\t\t\t\t\t\t\t<span class=\"elementor-icon-list-text\">Rafra\u00eechissant pour obtenir une telle touche<\/span>\n\t\t\t\t\t\t\t\t\t<\/li>\n\t\t\t\t\t\t\t\t<li class=\"elementor-icon-list-item\">\n\t\t\t\t\t\t\t\t\t\t\t<span class=\"elementor-icon-list-icon\">\n\t\t\t\t\t\t\t<i aria-hidden=\"true\" class=\"fas fa-check-circle\"><\/i>\t\t\t\t\t\t<\/span>\n\t\t\t\t\t\t\t\t\t\t<span class=\"elementor-icon-list-text\">Duis aute irure dolor in in voluptate<\/span>\n\t\t\t\t\t\t\t\t\t<\/li>\n\t\t\t\t\t\t\t\t<li class=\"elementor-icon-list-item\">\n\t\t\t\t\t\t\t\t\t\t\t<span class=\"elementor-icon-list-icon\">\n\t\t\t\t\t\t\t<i aria-hidden=\"true\" class=\"fas fa-check-circle\"><\/i>\t\t\t\t\t\t<\/span>\n\t\t\t\t\t\t\t\t\t\t<span class=\"elementor-icon-list-text\">Velit esse cillum eu fugiat pariatur<\/span>\n\t\t\t\t\t\t\t\t\t<\/li>\n\t\t\t\t\t\t\t\t<li class=\"elementor-icon-list-item\">\n\t\t\t\t\t\t\t\t\t\t\t<span class=\"elementor-icon-list-icon\">\n\t\t\t\t\t\t\t<i aria-hidden=\"true\" class=\"fas fa-check-circle\"><\/i>\t\t\t\t\t\t<\/span>\n\t\t\t\t\t\t\t\t\t\t<span class=\"elementor-icon-list-text\">Duis aute irure dolor in in voluptate<\/span>\n\t\t\t\t\t\t\t\t\t<\/li>\n\t\t\t\t\t\t<\/ul>\n\t\t\t\t\t\t<\/div>\n\t\t\t\t<\/div>\n\t\t\t\t\t<\/div>\n\t\t<\/div>\n\t\t\t\t\t<\/div>\n\t\t<\/section>\n\t\t\t\t\t<\/div>\n\t\t<\/div>\n\t\t\t\t\t<\/div>\n\t\t<\/section>\n\t\t\t\t<\/div>\n\t\t","protected":false},"excerpt":{"rendered":"<p>Kontaktieren Sie uns f\u00fcr professionelle Hilfe +41 56 501 70 70 Nous d\u00e9veloppons et produisons plus de 1000 formules de diluants pour presque tous les syst\u00e8mes de peinture et domaines [&hellip;]<\/p>\n","protected":false},"author":1,"featured_media":0,"parent":14554,"menu_order":0,"comment_status":"closed","ping_status":"closed","template":"","meta":{"footnotes":""},"class_list":["post-14552","page","type-page","status-publish","hentry"],"_links":{"self":[{"href":"https:\/\/embachemtech.ch\/fr\/wp-json\/wp\/v2\/pages\/14552","targetHints":{"allow":["GET"]}}],"collection":[{"href":"https:\/\/embachemtech.ch\/fr\/wp-json\/wp\/v2\/pages"}],"about":[{"href":"https:\/\/embachemtech.ch\/fr\/wp-json\/wp\/v2\/types\/page"}],"author":[{"embeddable":true,"href":"https:\/\/embachemtech.ch\/fr\/wp-json\/wp\/v2\/users\/1"}],"replies":[{"embeddable":true,"href":"https:\/\/embachemtech.ch\/fr\/wp-json\/wp\/v2\/comments?post=14552"}],"version-history":[{"count":49,"href":"https:\/\/embachemtech.ch\/fr\/wp-json\/wp\/v2\/pages\/14552\/revisions"}],"predecessor-version":[{"id":19458,"href":"https:\/\/embachemtech.ch\/fr\/wp-json\/wp\/v2\/pages\/14552\/revisions\/19458"}],"up":[{"embeddable":true,"href":"https:\/\/embachemtech.ch\/fr\/wp-json\/wp\/v2\/pages\/14554"}],"wp:attachment":[{"href":"https:\/\/embachemtech.ch\/fr\/wp-json\/wp\/v2\/media?parent=14552"}],"curies":[{"name":"wp","href":"https:\/\/api.w.org\/{rel}","templated":true}]}}