{"id":14548,"date":"2021-05-12T04:27:25","date_gmt":"2021-05-12T03:27:25","guid":{"rendered":"https:\/\/netgreater.com\/dev\/Prelit\/prestations-de-service\/"},"modified":"2023-03-01T10:15:07","modified_gmt":"2023-03-01T09:15:07","slug":"solution-integrale","status":"publish","type":"page","link":"https:\/\/embachemtech.ch\/fr\/solutions\/solution-integrale\/","title":{"rendered":"Prestations de Services"},"content":{"rendered":"\t\t<div data-elementor-type=\"wp-page\" data-elementor-id=\"14548\" class=\"elementor elementor-14548 elementor-11862\">\n\t\t\t\t\t\t<section class=\"elementor-section elementor-top-section elementor-element elementor-element-334da7be elementor-section-boxed elementor-section-height-default elementor-section-height-default\" data-id=\"334da7be\" data-element_type=\"section\">\n\t\t\t\t\t\t<div class=\"elementor-container elementor-column-gap-default\">\n\t\t\t\t\t<div class=\"elementor-column elementor-col-33 elementor-top-column elementor-element elementor-element-19731fe5 top column-style-top\" data-id=\"19731fe5\" data-element_type=\"column\">\n\t\t\t<div class=\"elementor-widget-wrap elementor-element-populated\">\n\t\t\t\t\t\t<div class=\"elementor-element elementor-element-8a9df5d elementor-widget elementor-widget-wp-widget-nav_menu\" data-id=\"8a9df5d\" data-element_type=\"widget\" data-widget_type=\"wp-widget-nav_menu.default\">\n\t\t\t\t<div class=\"elementor-widget-container\">\n\t\t\t\t\t<div class=\"menu-services-fr-container\"><ul id=\"menu-services-fr\" class=\"menu\"><li id=\"menu-item-18421\" class=\"menu-item menu-item-type-post_type menu-item-object-page menu-item-18421\"><a href=\"https:\/\/embachemtech.ch\/fr\/solutions\/paint\/\">Peintures\u00a0<\/a><\/li>\n<li id=\"menu-item-18420\" class=\"menu-item menu-item-type-post_type menu-item-object-page menu-item-18420\"><a href=\"https:\/\/embachemtech.ch\/fr\/solutions\/non-paint\/\">Peinture de R\u00e9paration Automobile<\/a><\/li>\n<li id=\"menu-item-15245\" class=\"menu-item menu-item-type-post_type menu-item-object-page menu-item-15245\"><a href=\"https:\/\/embachemtech.ch\/fr\/solutions\/solvants-et-diluants\/\">Solvants et Diluants<\/a><\/li>\n<li id=\"menu-item-15244\" class=\"menu-item menu-item-type-post_type menu-item-object-page menu-item-15244\"><a href=\"https:\/\/embachemtech.ch\/fr\/solutions\/decapage-de-peinture\/\">D\u00e9capage de Peinture\u00a0<\/a><\/li>\n<li id=\"menu-item-15247\" class=\"menu-item menu-item-type-post_type menu-item-object-page menu-item-15247\"><a href=\"https:\/\/embachemtech.ch\/fr\/solutions\/demandes-des-clients\/\">Demandes Clients<\/a><\/li>\n<li id=\"menu-item-15248\" class=\"menu-item menu-item-type-post_type menu-item-object-page menu-item-15248\"><a href=\"https:\/\/embachemtech.ch\/fr\/solutions\/solution-integrale\/\">Prestations de Services<\/a><\/li>\n<\/ul><\/div>\t\t\t\t<\/div>\n\t\t\t\t<\/div>\n\t\t\t\t<div class=\"elementor-element elementor-element-64ddbba4 elementor-widget elementor-widget-image\" data-id=\"64ddbba4\" data-element_type=\"widget\" data-widget_type=\"image.default\">\n\t\t\t\t<div class=\"elementor-widget-container\">\n\t\t\t\t\t\t\t\t\t\t\t\t\t\t\t<img decoding=\"async\" src=\"https:\/\/embachemtech.ch\/wp-content\/uploads\/2022\/07\/customer-service-and-help-concept-2021-08-30-00-59-20-utc-1.jpg\" class=\"attachment-full size-full wp-image-17448\" alt=\"\" \/>\t\t\t\t\t\t\t\t\t\t\t\t\t\t\t<\/div>\n\t\t\t\t<\/div>\n\t\t\t\t<div class=\"elementor-element elementor-element-5005fd94 elementor-view-stacked elementor-shape-circle elementor-widget elementor-widget-icon\" data-id=\"5005fd94\" data-element_type=\"widget\" data-widget_type=\"icon.default\">\n\t\t\t\t<div class=\"elementor-widget-container\">\n\t\t\t\t\t\t\t<div class=\"elementor-icon-wrapper\">\n\t\t\t<div class=\"elementor-icon\">\n\t\t\t<i aria-hidden=\"true\" class=\"fi flaticon-phone-call\"><\/i>\t\t\t<\/div>\n\t\t<\/div>\n\t\t\t\t\t\t<\/div>\n\t\t\t\t<\/div>\n\t\t\t\t<div class=\"elementor-element elementor-element-2dedb3e9 elementor-widget elementor-widget-gva-icon-box-styles\" data-id=\"2dedb3e9\" data-element_type=\"widget\" data-widget_type=\"gva-icon-box-styles.default\">\n\t\t\t\t<div class=\"elementor-widget-container\">\n\t\t\t\t\t<div class=\"gva-element-gva-icon-box-styles gva-element\">\r\n   \r\n\r\n         <div class=\"widget gsc-icon-box-styles style-2\">\r\n         \r\n                     <h3 class=\"title\">\r\n                       <a href=\"tel:+41 56 501 70 70\">\r\n                          Kontaktieren Sie uns f\u00fcr professionelle Hilfe               <\/a>      \r\n            <\/h3>\r\n                  <div class=\"content-inner\">\r\n                           <div class=\"desc\"><a href=\"tel:+41 56 501 70 70\" style=\"color:#fff\">+41 56 501 70 70<\/a><\/div>\r\n                     <\/div>\r\n      <\/div> \r\n      \r\n\r\n\r\n<\/div>\t\t\t\t<\/div>\n\t\t\t\t<\/div>\n\t\t\t\t\t<\/div>\n\t\t<\/div>\n\t\t\t\t<div class=\"elementor-column elementor-col-66 elementor-top-column elementor-element elementor-element-59f472c3 top column-style-top\" data-id=\"59f472c3\" data-element_type=\"column\">\n\t\t\t<div class=\"elementor-widget-wrap elementor-element-populated\">\n\t\t\t\t\t\t<div class=\"elementor-element elementor-element-e618945 elementor-widget elementor-widget-text-editor\" data-id=\"e618945\" data-element_type=\"widget\" data-widget_type=\"text-editor.default\">\n\t\t\t\t<div class=\"elementor-widget-container\">\n\t\t\t\t\t\t\t\t\t<p>Gr\u00e2ce \u00e0 nos capacit\u00e9s de laboratoire, nous pouvons analyser de nombreux produits avec pr\u00e9cision et vous soutenir activement dans la r\u00e9duction des co\u00fbts. Notre propre service de d\u00e9veloppement de produits trouve des solutions sur mesure pour vous. Pour les produits complexes, c&rsquo;est la m\u00eame chose que pour les costumes : <strong>Le sur-mesure est plus adapt\u00e9 que le pr\u00eat-\u00e0-porter !<\/strong><\/p>\n\t\t\t\t\t\t\t\t<\/div>\n\t\t\t\t<\/div>\n\t\t\t\t<section class=\"elementor-section elementor-inner-section elementor-element elementor-element-43427b26 elementor-hidden-desktop elementor-hidden-tablet elementor-hidden-mobile elementor-section-boxed elementor-section-height-default elementor-section-height-default\" data-id=\"43427b26\" data-element_type=\"section\">\n\t\t\t\t\t\t<div class=\"elementor-container elementor-column-gap-default\">\n\t\t\t\t\t<div class=\"elementor-column elementor-col-100 elementor-inner-column elementor-element elementor-element-6d96b3a8 top column-style-top\" data-id=\"6d96b3a8\" data-element_type=\"column\">\n\t\t\t<div class=\"elementor-widget-wrap elementor-element-populated\">\n\t\t\t\t\t\t<div class=\"elementor-element elementor-element-5d5f79c0 elementor-widget elementor-widget-heading\" data-id=\"5d5f79c0\" data-element_type=\"widget\" data-widget_type=\"heading.default\">\n\t\t\t\t<div class=\"elementor-widget-container\">\n\t\t\t\t\t<h2 class=\"elementor-heading-title elementor-size-default\">Pourquoi nous choisir?<\/h2>\t\t\t\t<\/div>\n\t\t\t\t<\/div>\n\t\t\t\t<div class=\"elementor-element elementor-element-4f5a9044 elementor-widget elementor-widget-text-editor\" data-id=\"4f5a9044\" data-element_type=\"widget\" data-widget_type=\"text-editor.default\">\n\t\t\t\t<div class=\"elementor-widget-container\">\n\t\t\t\t\t\t\t\t\t<p>Duis aute irure dolor in reprehenderit in voluptate velit esse cillum.<\/p>\n\t\t\t\t\t\t\t\t<\/div>\n\t\t\t\t<\/div>\n\t\t\t\t<div class=\"elementor-element elementor-element-b182c2e icon-color-theme elementor-icon-list--layout-traditional elementor-list-item-link-full_width elementor-widget elementor-widget-icon-list\" data-id=\"b182c2e\" data-element_type=\"widget\" data-widget_type=\"icon-list.default\">\n\t\t\t\t<div class=\"elementor-widget-container\">\n\t\t\t\t\t\t\t<ul class=\"elementor-icon-list-items\">\n\t\t\t\t\t\t\t<li class=\"elementor-icon-list-item\">\n\t\t\t\t\t\t\t\t\t\t\t<span class=\"elementor-icon-list-icon\">\n\t\t\t\t\t\t\t<i aria-hidden=\"true\" class=\"fas fa-check-circle\"><\/i>\t\t\t\t\t\t<\/span>\n\t\t\t\t\t\t\t\t\t\t<span class=\"elementor-icon-list-text\">Rafra\u00eechissant pour obtenir une telle touche<\/span>\n\t\t\t\t\t\t\t\t\t<\/li>\n\t\t\t\t\t\t\t\t<li class=\"elementor-icon-list-item\">\n\t\t\t\t\t\t\t\t\t\t\t<span class=\"elementor-icon-list-icon\">\n\t\t\t\t\t\t\t<i aria-hidden=\"true\" class=\"fas fa-check-circle\"><\/i>\t\t\t\t\t\t<\/span>\n\t\t\t\t\t\t\t\t\t\t<span class=\"elementor-icon-list-text\">Duis aute irure dolor in in voluptate<\/span>\n\t\t\t\t\t\t\t\t\t<\/li>\n\t\t\t\t\t\t\t\t<li class=\"elementor-icon-list-item\">\n\t\t\t\t\t\t\t\t\t\t\t<span class=\"elementor-icon-list-icon\">\n\t\t\t\t\t\t\t<i aria-hidden=\"true\" class=\"fas fa-check-circle\"><\/i>\t\t\t\t\t\t<\/span>\n\t\t\t\t\t\t\t\t\t\t<span class=\"elementor-icon-list-text\">Velit esse cillum eu fugiat pariatur<\/span>\n\t\t\t\t\t\t\t\t\t<\/li>\n\t\t\t\t\t\t\t\t<li class=\"elementor-icon-list-item\">\n\t\t\t\t\t\t\t\t\t\t\t<span class=\"elementor-icon-list-icon\">\n\t\t\t\t\t\t\t<i aria-hidden=\"true\" class=\"fas fa-check-circle\"><\/i>\t\t\t\t\t\t<\/span>\n\t\t\t\t\t\t\t\t\t\t<span class=\"elementor-icon-list-text\">Duis aute irure dolor in in voluptate<\/span>\n\t\t\t\t\t\t\t\t\t<\/li>\n\t\t\t\t\t\t<\/ul>\n\t\t\t\t\t\t<\/div>\n\t\t\t\t<\/div>\n\t\t\t\t\t<\/div>\n\t\t<\/div>\n\t\t\t\t\t<\/div>\n\t\t<\/section>\n\t\t\t\t\t<\/div>\n\t\t<\/div>\n\t\t\t\t\t<\/div>\n\t\t<\/section>\n\t\t\t\t<\/div>\n\t\t","protected":false},"excerpt":{"rendered":"<p>Kontaktieren Sie uns f\u00fcr professionelle Hilfe +41 56 501 70 70 Gr\u00e2ce \u00e0 nos capacit\u00e9s de laboratoire, nous pouvons analyser de nombreux produits avec pr\u00e9cision et vous soutenir activement dans [&hellip;]<\/p>\n","protected":false},"author":1,"featured_media":0,"parent":14554,"menu_order":0,"comment_status":"closed","ping_status":"closed","template":"","meta":{"footnotes":""},"class_list":["post-14548","page","type-page","status-publish","hentry"],"_links":{"self":[{"href":"https:\/\/embachemtech.ch\/fr\/wp-json\/wp\/v2\/pages\/14548","targetHints":{"allow":["GET"]}}],"collection":[{"href":"https:\/\/embachemtech.ch\/fr\/wp-json\/wp\/v2\/pages"}],"about":[{"href":"https:\/\/embachemtech.ch\/fr\/wp-json\/wp\/v2\/types\/page"}],"author":[{"embeddable":true,"href":"https:\/\/embachemtech.ch\/fr\/wp-json\/wp\/v2\/users\/1"}],"replies":[{"embeddable":true,"href":"https:\/\/embachemtech.ch\/fr\/wp-json\/wp\/v2\/comments?post=14548"}],"version-history":[{"count":54,"href":"https:\/\/embachemtech.ch\/fr\/wp-json\/wp\/v2\/pages\/14548\/revisions"}],"predecessor-version":[{"id":19095,"href":"https:\/\/embachemtech.ch\/fr\/wp-json\/wp\/v2\/pages\/14548\/revisions\/19095"}],"up":[{"embeddable":true,"href":"https:\/\/embachemtech.ch\/fr\/wp-json\/wp\/v2\/pages\/14554"}],"wp:attachment":[{"href":"https:\/\/embachemtech.ch\/fr\/wp-json\/wp\/v2\/media?parent=14548"}],"curies":[{"name":"wp","href":"https:\/\/api.w.org\/{rel}","templated":true}]}}